{"id":124,"date":"2022-03-11T11:21:42","date_gmt":"2022-03-11T11:21:42","guid":{"rendered":"https:\/\/festivalulsporturilor.ro\/?page_id=124"},"modified":"2025-06-04T22:43:50","modified_gmt":"2025-06-04T19:43:50","slug":"orientare-sportiva","status":"publish","type":"page","link":"https:\/\/festivalulsporturilor.ro\/editii\/iasi\/orientare-sportiva\/","title":{"rendered":"Orientare sportiv\u0103"},"content":{"rendered":"","protected":false},"excerpt":{"rendered":"","protected":false},"author":1,"featured_media":0,"parent":28,"menu_order":0,"comment_status":"closed","ping_status":"closed","template":"","meta":{"footnotes":""},"class_list":["post-124","page","type-page","status-publish","hentry"],"yoast_head":"<!-- This site is optimized with the Yoast SEO plugin v25.7 - https:\/\/yoast.com\/wordpress\/plugins\/seo\/ -->\n<title>Orientare sportiv\u0103 - Festivalul Sporturilor | Evenimente cu Impact<\/title>\n<meta name=\"description\" content=\"Concurs de orientare sportiv\u0103 la Festivalul Sporturilor Ia\u0219i. \u00cenva\u021b\u0103 s\u0103 te orientezi contracronometru, pe o hart\u0103 \u0219i fii parte din mi\u0219care!\" \/>\n<meta name=\"robots\" content=\"noindex, follow, max-snippet:-1, max-image-preview:large, max-video-preview:-1\" \/>\n<meta property=\"og:locale\" content=\"ro_RO\" \/>\n<meta property=\"og:type\" content=\"article\" \/>\n<meta property=\"og:title\" content=\"Orientare sportiv\u0103 - Festivalul Sporturilor | Evenimente cu Impact\" \/>\n<meta property=\"og:description\" content=\"Concurs de orientare sportiv\u0103 la Festivalul Sporturilor Ia\u0219i. \u00cenva\u021b\u0103 s\u0103 te orientezi contracronometru, pe o hart\u0103 \u0219i fii parte din mi\u0219care!\" \/>\n<meta property=\"og:url\" content=\"https:\/\/festivalulsporturilor.ro\/editii\/iasi\/orientare-sportiva\/\" \/>\n<meta property=\"og:site_name\" content=\"Festivalul Sporturilor | Evenimente cu Impact\" \/>\n<meta property=\"article:modified_time\" content=\"2025-06-04T19:43:50+00:00\" \/>\n<meta name=\"twitter:card\" content=\"summary_large_image\" \/>\n<script type=\"application\/ld+json\" class=\"yoast-schema-graph\">{\"@context\":\"https:\/\/schema.org\",\"@graph\":[{\"@type\":\"WebPage\",\"@id\":\"https:\/\/festivalulsporturilor.ro\/editii\/iasi\/orientare-sportiva\/\",\"url\":\"https:\/\/festivalulsporturilor.ro\/editii\/iasi\/orientare-sportiva\/\",\"name\":\"Orientare sportiv\u0103 - Festivalul Sporturilor | Evenimente cu Impact\",\"isPartOf\":{\"@id\":\"https:\/\/festivalulsporturilor.ro\/editii\/#website\"},\"datePublished\":\"2022-03-11T11:21:42+00:00\",\"dateModified\":\"2025-06-04T19:43:50+00:00\",\"description\":\"Concurs de orientare sportiv\u0103 la Festivalul Sporturilor Ia\u0219i. \u00cenva\u021b\u0103 s\u0103 te orientezi contracronometru, pe o hart\u0103 \u0219i fii parte din mi\u0219care!\",\"breadcrumb\":{\"@id\":\"https:\/\/festivalulsporturilor.ro\/editii\/iasi\/orientare-sportiva\/#breadcrumb\"},\"inLanguage\":\"ro-RO\",\"potentialAction\":[{\"@type\":\"ReadAction\",\"target\":[\"https:\/\/festivalulsporturilor.ro\/editii\/iasi\/orientare-sportiva\/\"]}]},{\"@type\":\"BreadcrumbList\",\"@id\":\"https:\/\/festivalulsporturilor.ro\/editii\/iasi\/orientare-sportiva\/#breadcrumb\",\"itemListElement\":[{\"@type\":\"ListItem\",\"position\":1,\"name\":\"Prima pagin\u0103\",\"item\":\"https:\/\/festivalulsporturilor.ro\/editii\/\"},{\"@type\":\"ListItem\",\"position\":2,\"name\":\"Ia\u0219i\",\"item\":\"https:\/\/festivalulsporturilor.ro\/editii\/iasi\/\"},{\"@type\":\"ListItem\",\"position\":3,\"name\":\"Orientare sportiv\u0103\"}]},{\"@type\":\"WebSite\",\"@id\":\"https:\/\/festivalulsporturilor.ro\/editii\/#website\",\"url\":\"https:\/\/festivalulsporturilor.ro\/editii\/\",\"name\":\"Festivalul Sporturilor | Evenimente cu Impact\",\"description\":\"Festivalul sporturilor | Alergare montana | Ciclism | Cros | Cursa cu obstacole | MTB\",\"potentialAction\":[{\"@type\":\"SearchAction\",\"target\":{\"@type\":\"EntryPoint\",\"urlTemplate\":\"https:\/\/festivalulsporturilor.ro\/editii\/?s={search_term_string}\"},\"query-input\":{\"@type\":\"PropertyValueSpecification\",\"valueRequired\":true,\"valueName\":\"search_term_string\"}}],\"inLanguage\":\"ro-RO\"}]}<\/script>\n<!-- \/ Yoast SEO plugin. -->","yoast_head_json":{"title":"Orientare sportiv\u0103 - Festivalul Sporturilor | Evenimente cu Impact","description":"Concurs de orientare sportiv\u0103 la Festivalul Sporturilor Ia\u0219i. \u00cenva\u021b\u0103 s\u0103 te orientezi contracronometru, pe o hart\u0103 \u0219i fii parte din mi\u0219care!","robots":{"index":"noindex","follow":"follow","max-snippet":"max-snippet:-1","max-image-preview":"max-image-preview:large","max-video-preview":"max-video-preview:-1"},"og_locale":"ro_RO","og_type":"article","og_title":"Orientare sportiv\u0103 - Festivalul Sporturilor | Evenimente cu Impact","og_description":"Concurs de orientare sportiv\u0103 la Festivalul Sporturilor Ia\u0219i. \u00cenva\u021b\u0103 s\u0103 te orientezi contracronometru, pe o hart\u0103 \u0219i fii parte din mi\u0219care!","og_url":"https:\/\/festivalulsporturilor.ro\/editii\/iasi\/orientare-sportiva\/","og_site_name":"Festivalul Sporturilor | Evenimente cu Impact","article_modified_time":"2025-06-04T19:43:50+00:00","twitter_card":"summary_large_image","schema":{"@context":"https:\/\/schema.org","@graph":[{"@type":"WebPage","@id":"https:\/\/festivalulsporturilor.ro\/editii\/iasi\/orientare-sportiva\/","url":"https:\/\/festivalulsporturilor.ro\/editii\/iasi\/orientare-sportiva\/","name":"Orientare sportiv\u0103 - Festivalul Sporturilor | Evenimente cu Impact","isPartOf":{"@id":"https:\/\/festivalulsporturilor.ro\/editii\/#website"},"datePublished":"2022-03-11T11:21:42+00:00","dateModified":"2025-06-04T19:43:50+00:00","description":"Concurs de orientare sportiv\u0103 la Festivalul Sporturilor Ia\u0219i. \u00cenva\u021b\u0103 s\u0103 te orientezi contracronometru, pe o hart\u0103 \u0219i fii parte din mi\u0219care!","breadcrumb":{"@id":"https:\/\/festivalulsporturilor.ro\/editii\/iasi\/orientare-sportiva\/#breadcrumb"},"inLanguage":"ro-RO","potentialAction":[{"@type":"ReadAction","target":["https:\/\/festivalulsporturilor.ro\/editii\/iasi\/orientare-sportiva\/"]}]},{"@type":"BreadcrumbList","@id":"https:\/\/festivalulsporturilor.ro\/editii\/iasi\/orientare-sportiva\/#breadcrumb","itemListElement":[{"@type":"ListItem","position":1,"name":"Prima pagin\u0103","item":"https:\/\/festivalulsporturilor.ro\/editii\/"},{"@type":"ListItem","position":2,"name":"Ia\u0219i","item":"https:\/\/festivalulsporturilor.ro\/editii\/iasi\/"},{"@type":"ListItem","position":3,"name":"Orientare sportiv\u0103"}]},{"@type":"WebSite","@id":"https:\/\/festivalulsporturilor.ro\/editii\/#website","url":"https:\/\/festivalulsporturilor.ro\/editii\/","name":"Festivalul Sporturilor | Evenimente cu Impact","description":"Festivalul sporturilor | Alergare montana | Ciclism | Cros | Cursa cu obstacole | MTB","potentialAction":[{"@type":"SearchAction","target":{"@type":"EntryPoint","urlTemplate":"https:\/\/festivalulsporturilor.ro\/editii\/?s={search_term_string}"},"query-input":{"@type":"PropertyValueSpecification","valueRequired":true,"valueName":"search_term_string"}}],"inLanguage":"ro-RO"}]}},"_links":{"self":[{"href":"https:\/\/festivalulsporturilor.ro\/editii\/wp-json\/wp\/v2\/pages\/124","targetHints":{"allow":["GET"]}}],"collection":[{"href":"https:\/\/festivalulsporturilor.ro\/editii\/wp-json\/wp\/v2\/pages"}],"about":[{"href":"https:\/\/festivalulsporturilor.ro\/editii\/wp-json\/wp\/v2\/types\/page"}],"author":[{"embeddable":true,"href":"https:\/\/festivalulsporturilor.ro\/editii\/wp-json\/wp\/v2\/users\/1"}],"replies":[{"embeddable":true,"href":"https:\/\/festivalulsporturilor.ro\/editii\/wp-json\/wp\/v2\/comments?post=124"}],"version-history":[{"count":1,"href":"https:\/\/festivalulsporturilor.ro\/editii\/wp-json\/wp\/v2\/pages\/124\/revisions"}],"predecessor-version":[{"id":125,"href":"https:\/\/festivalulsporturilor.ro\/editii\/wp-json\/wp\/v2\/pages\/124\/revisions\/125"}],"up":[{"embeddable":true,"href":"https:\/\/festivalulsporturilor.ro\/editii\/wp-json\/wp\/v2\/pages\/28"}],"wp:attachment":[{"href":"https:\/\/festivalulsporturilor.ro\/editii\/wp-json\/wp\/v2\/media?parent=124"}],"curies":[{"name":"wp","href":"https:\/\/api.w.org\/{rel}","templated":true}]}}