{"id":602,"date":"2022-04-28T07:28:10","date_gmt":"2022-04-28T07:28:10","guid":{"rendered":"https:\/\/festivalulsporturilor.ro\/?page_id=602"},"modified":"2025-09-11T12:13:36","modified_gmt":"2025-09-11T09:13:36","slug":"inscriere","status":"publish","type":"page","link":"https:\/\/festivalulsporturilor.ro\/editii\/greenfield\/inscriere\/","title":{"rendered":"\u00censcriere"},"content":{"rendered":"\n<center><b>\u00censcrierile s-au \u00eencheiat. Mul\u021bumim!<\/b><\/center>\n<center>Contribu\u021bia de participare &icirc;n func\u021bie de num\u0103rul de probe \u0219i &icirc;n func\u021bie de perioada de &icirc;nscrieri se poate consulta &icirc;n tabelul de mai jos.&nbsp;<\/center><center><\/center>\n<div style=\"overflow-x: auto;\">\n<table dir=\"ltr\" style=\"height: 100%; width: 100%;\" border=\"1\" cellspacing=\"0\" cellpadding=\"0\">\n<tbody>\n<tr style=\"height: 54px;\">\n<td style=\"text-align: center; width: 118.675px; height: 54px;\"><strong>Contribu\u021bia de participare<\/strong><\/td>\n<td style=\"text-align: center; width: 119.287px; height: 54px;\"><strong>Quick Start<\/strong><\/td>\n<td style=\"text-align: center; width: 100.4px; height: 54px;\"><strong>Runway Pace<\/strong><\/td>\n<td style=\"text-align: center; width: 93.05px; height: 54px;\"><strong>Last Sprint<\/strong><\/td>\n<td style=\"text-align: center; width: 92.9875px; height: 54px;\"><strong>Last Call<\/strong><\/td>\n<\/tr>\n<tr style=\"height: 54px;\">\n<td style=\"text-align: center; width: 100%; height: 50px;\" colspan=\"5\"><strong>ADUL\u021aI<\/strong><\/td>\n<\/tr>\n<tr style=\"height: 114px;\">\n<td style=\"text-align: center; width: 118.675px; height: 114px;\"><strong>Perioada<\/strong><\/td>\n<td style=\"text-align: center; width: 119.287px; height: 114px;\">\n<p>20 ianuarie &#8211; 31 ianuarie<\/p>\n<\/td>\n<td style=\"text-align: center; width: 100.4px; height: 114px;\">\n<p>1 februarie &#8211; 28 februarie<\/p>\n<\/td>\n<td style=\"text-align: center; width: 93.05px; height: 114px;\">\n<p>1 martie &#8211; 24 martie<\/p>\n<\/td>\n<td style=\"text-align: center; width: 92.9875px; height: 114px;\">\n<p>29-30 martie<\/p>\n<\/td>\n<\/tr>\n<tr style=\"height: 18px;\">\n<td style=\"text-align: center; width: 118.675px; height: 18px;\"><strong>1 prob\u0103 <\/strong><\/td>\n<td style=\"text-align: center; width: 119.287px; height: 18px;\">95<\/td>\n<td style=\"text-align: center; width: 100.4px; height: 18px;\">120<\/td>\n<td style=\"text-align: center; width: 93.05px; height: 18px;\">140<\/td>\n<td style=\"text-align: center; width: 92.9875px; height: 18px;\">180<\/td>\n<\/tr>\n<tr style=\"height: 18px;\">\n<td style=\"text-align: center; width: 118.675px; height: 18px;\"><strong>2 probe <\/strong><\/td>\n<td style=\"text-align: center; width: 119.287px; height: 18px;\">145<\/td>\n<td style=\"text-align: center; width: 100.4px; height: 18px;\">170<\/td>\n<td style=\"text-align: center; width: 93.05px; height: 18px;\">190<\/td>\n<td style=\"text-align: center; width: 92.9875px; height: 18px;\">230<\/td>\n<\/tr>\n<tr style=\"height: 18px;\">\n<td style=\"text-align: center; width: 118.675px; height: 18px;\"><strong>3 probe <\/strong><\/td>\n<td style=\"text-align: center; width: 119.287px; height: 18px;\">195<\/td>\n<td style=\"text-align: center; width: 100.4px; height: 18px;\">220<\/td>\n<td style=\"text-align: center; width: 93.05px; height: 18px;\">240<\/td>\n<td style=\"text-align: center; width: 92.9875px; height: 18px;\">280<\/td>\n<\/tr>\n<tr style=\"height: 18px;\">\n<td style=\"text-align: center; width: 118.675px; height: 18px;\"><strong>4 probe <br \/><\/strong><\/td>\n<td style=\"text-align: center; width: 119.287px; height: 18px;\">245<\/td>\n<td style=\"text-align: center; width: 100.4px; height: 18px;\">270<\/td>\n<td style=\"text-align: center; width: 93.05px; height: 18px;\">290<\/td>\n<td style=\"text-align: center; width: 92.9875px; height: 18px;\">330<\/td>\n<\/tr>\n<tr style=\"height: 18px;\">\n<td style=\"text-align: center; width: 118.675px; height: 18px;\"><strong>5 probe <br \/><\/strong><\/td>\n<td style=\"text-align: center; width: 119.287px; height: 18px;\">295<\/td>\n<td style=\"text-align: center; width: 100.4px; height: 18px;\">320<\/td>\n<td style=\"text-align: center; width: 93.05px; height: 18px;\">340<\/td>\n<td style=\"text-align: center; width: 92.9875px; height: 18px;\">380<\/td>\n<\/tr>\n<tr style=\"height: 54px;\">\n<td style=\"text-align: center; width: 100%; height: 50px;\" colspan=\"5\"><strong>CURSA COPIILOR<\/strong><\/td>\n<\/tr>\n<tr style=\"height: 54px;\">\n<td style=\"text-align: center; width: 436.212px; height: 50px;\" colspan=\"4\"><strong>Deschidem \u00eenscrierile pe 1 Iulie. Primele 300 de locuri sunt gratuite. Apoi taxa este de 50 lei\/copil.<\/strong><\/td>\n<td style=\"text-align: center; width: 92.9875px; height: 18px;\">Nu se fac<\/td>\n<\/tr>\n<tr style=\"height: 54px;\">\n<td style=\"text-align: center; width: 530.8px; height: 50px;\" colspan=\"5\"><strong>CATEGORIA FAMILY (1 adult + 1 copil)<\/strong><\/td>\n<\/tr>\n<tr style=\"height: 18px;\">\n<td style=\"text-align: center; width: 118.675px; height: 18px;\"><strong>1 prob\u0103 <\/strong><\/td>\n<td style=\"text-align: center; width: 119.287px; height: 18px;\">145<\/td>\n<td style=\"text-align: center; width: 100.4px; height: 18px;\">170<\/td>\n<td style=\"text-align: center; width: 93.05px; height: 18px;\">190<\/td>\n<td style=\"text-align: center; width: 92.9875px; height: 18px;\">Nu se fac<\/td>\n<\/tr>\n<tr style=\"height: 18px;\">\n<td style=\"text-align: center; width: 118.675px; height: 18px;\"><strong>2 probe <\/strong><\/td>\n<td style=\"text-align: center; width: 119.287px; height: 18px;\">195<\/td>\n<td style=\"text-align: center; width: 100.4px; height: 18px;\">220<\/td>\n<td style=\"text-align: center; width: 93.05px; height: 18px;\">240<\/td>\n<td style=\"text-align: center; width: 92.9875px; height: 18px;\">Nu se fac<\/td>\n<\/tr>\n<tr style=\"height: 18px;\">\n<td style=\"text-align: center; width: 118.675px; height: 18px;\"><strong>3 probe <\/strong><\/td>\n<td style=\"text-align: center; width: 119.287px; height: 18px;\">245<\/td>\n<td style=\"text-align: center; width: 100.4px; height: 18px;\">270<\/td>\n<td style=\"text-align: center; width: 93.05px; height: 18px;\">290<\/td>\n<td style=\"text-align: center; width: 92.9875px; height: 18px;\">Nu se fac<\/td>\n<\/tr>\n<tr style=\"height: 54px;\">\n<td style=\"text-align: center; width: 530.8px; height: 50px;\" colspan=\"5\"><strong>CATEGORIA FAMILY (1 adult + 2 copii)<\/strong><\/td>\n<\/tr>\n<tr style=\"height: 18px;\">\n<td style=\"text-align: center; width: 118.675px; height: 18px;\"><strong>1 prob\u0103 <\/strong><\/td>\n<td style=\"text-align: center; width: 119.287px; height: 18px;\">195<\/td>\n<td style=\"text-align: center; width: 100.4px; height: 18px;\">220<\/td>\n<td style=\"text-align: center; width: 93.05px; height: 18px;\">240<\/td>\n<td style=\"text-align: center; width: 92.9875px; height: 18px;\">Nu se fac<\/td>\n<\/tr>\n<tr style=\"height: 18px;\">\n<td style=\"text-align: center; width: 118.675px; height: 18px;\"><strong>2 probe <\/strong><\/td>\n<td style=\"text-align: center; width: 119.287px; height: 18px;\">245<\/td>\n<td style=\"text-align: center; width: 100.4px; height: 18px;\">270<\/td>\n<td style=\"text-align: center; width: 93.05px; height: 18px;\">290<\/td>\n<td style=\"text-align: center; width: 92.9875px; height: 18px;\">Nu se fac<\/td>\n<\/tr>\n<tr style=\"height: 18px;\">\n<td style=\"text-align: center; width: 118.675px; height: 18px;\"><strong>3 probe <\/strong><\/td>\n<td style=\"text-align: center; width: 119.287px; height: 18px;\">295<\/td>\n<td style=\"text-align: center; width: 100.4px; height: 18px;\">320<\/td>\n<td style=\"text-align: center; width: 93.05px; height: 18px;\">340<\/td>\n<td style=\"text-align: center; width: 92.9875px; height: 18px;\">Nu se fac<\/td>\n<\/tr>\n<\/tbody>\n<\/table>\n<\/div>\n\n\n\n<p><\/p>\n","protected":false},"excerpt":{"rendered":"<p>\u00censcrierile s-au \u00eencheiat. Mul\u021bumim! Contribu\u021bia de participare &icirc;n func\u021bie de num\u0103rul de probe \u0219i &icirc;n func\u021bie de perioada de &icirc;nscrieri se poate consulta &icirc;n tabelul de<span class=\"excerpt-hellip\"> [\u2026]<\/span><\/p>\n","protected":false},"author":1,"featured_media":0,"parent":545,"menu_order":0,"comment_status":"closed","ping_status":"closed","template":"","meta":{"footnotes":""},"class_list":["post-602","page","type-page","status-publish","hentry"],"yoast_head":"<!-- This site is optimized with the Yoast SEO plugin v25.7 - https:\/\/yoast.com\/wordpress\/plugins\/seo\/ -->\n<title>\u00censcriere - Festivalul Sporturilor | Evenimente cu Impact<\/title>\n<meta name=\"robots\" content=\"noindex, follow, max-snippet:-1, max-image-preview:large, max-video-preview:-1\" \/>\n<meta property=\"og:locale\" content=\"ro_RO\" \/>\n<meta property=\"og:type\" content=\"article\" \/>\n<meta property=\"og:title\" content=\"\u00censcriere - Festivalul Sporturilor | Evenimente cu Impact\" \/>\n<meta property=\"og:description\" content=\"\u00censcrierile s-au \u00eencheiat. Mul\u021bumim! Contribu\u021bia de participare &icirc;n func\u021bie de num\u0103rul de probe \u0219i &icirc;n func\u021bie de perioada de &icirc;nscrieri se poate consulta &icirc;n tabelul de [\u2026]\" \/>\n<meta property=\"og:url\" content=\"https:\/\/festivalulsporturilor.ro\/editii\/greenfield\/inscriere\/\" \/>\n<meta property=\"og:site_name\" content=\"Festivalul Sporturilor | Evenimente cu Impact\" \/>\n<meta property=\"article:modified_time\" content=\"2025-09-11T09:13:36+00:00\" \/>\n<meta name=\"twitter:card\" content=\"summary_large_image\" \/>\n<meta name=\"twitter:label1\" content=\"Timp estimat pentru citire\" \/>\n\t<meta name=\"twitter:data1\" content=\"1 minut\" \/>\n<script type=\"application\/ld+json\" class=\"yoast-schema-graph\">{\"@context\":\"https:\/\/schema.org\",\"@graph\":[{\"@type\":\"WebPage\",\"@id\":\"https:\/\/festivalulsporturilor.ro\/editii\/greenfield\/inscriere\/\",\"url\":\"https:\/\/festivalulsporturilor.ro\/editii\/greenfield\/inscriere\/\",\"name\":\"\u00censcriere - Festivalul Sporturilor | Evenimente cu Impact\",\"isPartOf\":{\"@id\":\"https:\/\/festivalulsporturilor.ro\/editii\/#website\"},\"datePublished\":\"2022-04-28T07:28:10+00:00\",\"dateModified\":\"2025-09-11T09:13:36+00:00\",\"breadcrumb\":{\"@id\":\"https:\/\/festivalulsporturilor.ro\/editii\/greenfield\/inscriere\/#breadcrumb\"},\"inLanguage\":\"ro-RO\",\"potentialAction\":[{\"@type\":\"ReadAction\",\"target\":[\"https:\/\/festivalulsporturilor.ro\/editii\/greenfield\/inscriere\/\"]}]},{\"@type\":\"BreadcrumbList\",\"@id\":\"https:\/\/festivalulsporturilor.ro\/editii\/greenfield\/inscriere\/#breadcrumb\",\"itemListElement\":[{\"@type\":\"ListItem\",\"position\":1,\"name\":\"Prima pagin\u0103\",\"item\":\"https:\/\/festivalulsporturilor.ro\/editii\/\"},{\"@type\":\"ListItem\",\"position\":2,\"name\":\"Greenfield B\u0103neasa\",\"item\":\"https:\/\/festivalulsporturilor.ro\/editii\/greenfield\/\"},{\"@type\":\"ListItem\",\"position\":3,\"name\":\"\u00censcriere\"}]},{\"@type\":\"WebSite\",\"@id\":\"https:\/\/festivalulsporturilor.ro\/editii\/#website\",\"url\":\"https:\/\/festivalulsporturilor.ro\/editii\/\",\"name\":\"Festivalul Sporturilor | Evenimente cu Impact\",\"description\":\"Festivalul sporturilor | Alergare montana | Ciclism | Cros | Cursa cu obstacole | MTB\",\"potentialAction\":[{\"@type\":\"SearchAction\",\"target\":{\"@type\":\"EntryPoint\",\"urlTemplate\":\"https:\/\/festivalulsporturilor.ro\/editii\/?s={search_term_string}\"},\"query-input\":{\"@type\":\"PropertyValueSpecification\",\"valueRequired\":true,\"valueName\":\"search_term_string\"}}],\"inLanguage\":\"ro-RO\"}]}<\/script>\n<!-- \/ Yoast SEO plugin. -->","yoast_head_json":{"title":"\u00censcriere - Festivalul Sporturilor | Evenimente cu Impact","robots":{"index":"noindex","follow":"follow","max-snippet":"max-snippet:-1","max-image-preview":"max-image-preview:large","max-video-preview":"max-video-preview:-1"},"og_locale":"ro_RO","og_type":"article","og_title":"\u00censcriere - Festivalul Sporturilor | Evenimente cu Impact","og_description":"\u00censcrierile s-au \u00eencheiat. Mul\u021bumim! Contribu\u021bia de participare &icirc;n func\u021bie de num\u0103rul de probe \u0219i &icirc;n func\u021bie de perioada de &icirc;nscrieri se poate consulta &icirc;n tabelul de [\u2026]","og_url":"https:\/\/festivalulsporturilor.ro\/editii\/greenfield\/inscriere\/","og_site_name":"Festivalul Sporturilor | Evenimente cu Impact","article_modified_time":"2025-09-11T09:13:36+00:00","twitter_card":"summary_large_image","twitter_misc":{"Timp estimat pentru citire":"1 minut"},"schema":{"@context":"https:\/\/schema.org","@graph":[{"@type":"WebPage","@id":"https:\/\/festivalulsporturilor.ro\/editii\/greenfield\/inscriere\/","url":"https:\/\/festivalulsporturilor.ro\/editii\/greenfield\/inscriere\/","name":"\u00censcriere - Festivalul Sporturilor | Evenimente cu Impact","isPartOf":{"@id":"https:\/\/festivalulsporturilor.ro\/editii\/#website"},"datePublished":"2022-04-28T07:28:10+00:00","dateModified":"2025-09-11T09:13:36+00:00","breadcrumb":{"@id":"https:\/\/festivalulsporturilor.ro\/editii\/greenfield\/inscriere\/#breadcrumb"},"inLanguage":"ro-RO","potentialAction":[{"@type":"ReadAction","target":["https:\/\/festivalulsporturilor.ro\/editii\/greenfield\/inscriere\/"]}]},{"@type":"BreadcrumbList","@id":"https:\/\/festivalulsporturilor.ro\/editii\/greenfield\/inscriere\/#breadcrumb","itemListElement":[{"@type":"ListItem","position":1,"name":"Prima pagin\u0103","item":"https:\/\/festivalulsporturilor.ro\/editii\/"},{"@type":"ListItem","position":2,"name":"Greenfield B\u0103neasa","item":"https:\/\/festivalulsporturilor.ro\/editii\/greenfield\/"},{"@type":"ListItem","position":3,"name":"\u00censcriere"}]},{"@type":"WebSite","@id":"https:\/\/festivalulsporturilor.ro\/editii\/#website","url":"https:\/\/festivalulsporturilor.ro\/editii\/","name":"Festivalul Sporturilor | Evenimente cu Impact","description":"Festivalul sporturilor | Alergare montana | Ciclism | Cros | Cursa cu obstacole | MTB","potentialAction":[{"@type":"SearchAction","target":{"@type":"EntryPoint","urlTemplate":"https:\/\/festivalulsporturilor.ro\/editii\/?s={search_term_string}"},"query-input":{"@type":"PropertyValueSpecification","valueRequired":true,"valueName":"search_term_string"}}],"inLanguage":"ro-RO"}]}},"_links":{"self":[{"href":"https:\/\/festivalulsporturilor.ro\/editii\/wp-json\/wp\/v2\/pages\/602","targetHints":{"allow":["GET"]}}],"collection":[{"href":"https:\/\/festivalulsporturilor.ro\/editii\/wp-json\/wp\/v2\/pages"}],"about":[{"href":"https:\/\/festivalulsporturilor.ro\/editii\/wp-json\/wp\/v2\/types\/page"}],"author":[{"embeddable":true,"href":"https:\/\/festivalulsporturilor.ro\/editii\/wp-json\/wp\/v2\/users\/1"}],"replies":[{"embeddable":true,"href":"https:\/\/festivalulsporturilor.ro\/editii\/wp-json\/wp\/v2\/comments?post=602"}],"version-history":[{"count":69,"href":"https:\/\/festivalulsporturilor.ro\/editii\/wp-json\/wp\/v2\/pages\/602\/revisions"}],"predecessor-version":[{"id":20489,"href":"https:\/\/festivalulsporturilor.ro\/editii\/wp-json\/wp\/v2\/pages\/602\/revisions\/20489"}],"up":[{"embeddable":true,"href":"https:\/\/festivalulsporturilor.ro\/editii\/wp-json\/wp\/v2\/pages\/545"}],"wp:attachment":[{"href":"https:\/\/festivalulsporturilor.ro\/editii\/wp-json\/wp\/v2\/media?parent=602"}],"curies":[{"name":"wp","href":"https:\/\/api.w.org\/{rel}","templated":true}]}}