{"id":354,"date":"2022-04-08T15:04:31","date_gmt":"2022-04-08T15:04:31","guid":{"rendered":"https:\/\/festivalulsporturilor.ro\/?post_type=product&#038;p=354"},"modified":"2024-09-05T20:13:52","modified_gmt":"2024-09-05T17:13:52","slug":"bandana-multifunctionala","status":"publish","type":"product","link":"https:\/\/festivalulsporturilor.ro\/editii\/product\/bandana-multifunctionala\/","title":{"rendered":"Bandan\u0103 multifunc\u021bional\u0103"},"content":{"rendered":"<div class=\"woocommerce\"><\/div>\n<p><strong>Ideal\u0103 ca accesoriu, \u00een activit\u0103\u0163i de sport, dar poate fi purtat\u0103 \u015fi \u00een timpul liber.<\/strong><br \/>\n<strong>Posibilitate de folosire \u00een mai multe moduri, ca e\u0219arf\u0103, bandan\u0103, cagul\u0103, masc\u0103, pentru prins p\u0103rul, pentru pus la \u00eencheietura mainii, etc.<\/strong><\/p>\n<p><strong>Caracteristici:<\/strong><\/p>\n<ul>\n<li>Dimensiune 24\u00d748 cm<\/li>\n<li>Material: microfibra poliester<\/li>\n<li>F\u0103r\u0103 cus\u0103turi. Nu produce irita\u021bii<\/li>\n<li>Nu \u00ee\u0219i pierde elasticitatea \u00een timp<\/li>\n<li>\u00centre\u021binere u\u0219oar\u0103: Se spal\u0103 la ma\u0219ina de sp\u0103lat. Nu trebuie c\u0103lcat\u0103.<\/li>\n<\/ul>\n","protected":false},"excerpt":{"rendered":"<p>Ideal\u0103 ca accesoriu, \u00een activit\u0103\u0163i de sport, dar poate fi purtat\u0103 \u015fi \u00een timpul liber. Posibilitate de folosire \u00een mai multe moduri, ca e\u0219arf\u0103, bandan\u0103, cagul\u0103,<span class=\"excerpt-hellip\"> [\u2026]<\/span><\/p>\n","protected":false},"featured_media":303,"template":"","meta":[],"product_cat":[19,44],"product_tag":[],"class_list":{"0":"post-354","1":"product","2":"type-product","3":"status-publish","4":"has-post-thumbnail","6":"product_cat-imbracaminte","7":"product_cat-accesorii","9":"first","10":"instock","11":"sale","12":"shipping-taxable","13":"purchasable","14":"product-type-simple"},"yoast_head":"<!-- This site is optimized with the Yoast SEO plugin v25.7 - https:\/\/yoast.com\/wordpress\/plugins\/seo\/ -->\n<title>Bandan\u0103 multifunc\u021bional\u0103 - Festivalul Sporturilor | Evenimente cu Impact<\/title>\n<meta name=\"robots\" content=\"noindex, follow, max-snippet:-1, max-image-preview:large, max-video-preview:-1\" \/>\n<meta property=\"og:locale\" content=\"ro_RO\" \/>\n<meta property=\"og:type\" content=\"article\" \/>\n<meta property=\"og:title\" content=\"Bandan\u0103 multifunc\u021bional\u0103 - Festivalul Sporturilor | Evenimente cu Impact\" \/>\n<meta property=\"og:description\" content=\"Ideal\u0103 ca accesoriu, \u00een activit\u0103\u0163i de sport, dar poate fi purtat\u0103 \u015fi \u00een timpul liber. Posibilitate de folosire \u00een mai multe moduri, ca e\u0219arf\u0103, bandan\u0103, cagul\u0103, [\u2026]\" \/>\n<meta property=\"og:url\" content=\"https:\/\/festivalulsporturilor.ro\/editii\/product\/bandana-multifunctionala\/\" \/>\n<meta property=\"og:site_name\" content=\"Festivalul Sporturilor | Evenimente cu Impact\" \/>\n<meta property=\"article:modified_time\" content=\"2024-09-05T17:13:52+00:00\" \/>\n<meta property=\"og:image\" content=\"https:\/\/festivalulsporturilor.ro\/editii\/wp-content\/uploads\/2022\/04\/FESTIVAL_KIT_EXTRA_0005_bandana-multifunctionala.png\" \/>\n\t<meta property=\"og:image:width\" content=\"1000\" \/>\n\t<meta property=\"og:image:height\" content=\"1000\" \/>\n\t<meta property=\"og:image:type\" content=\"image\/png\" \/>\n<meta name=\"twitter:card\" content=\"summary_large_image\" \/>\n<script type=\"application\/ld+json\" class=\"yoast-schema-graph\">{\"@context\":\"https:\/\/schema.org\",\"@graph\":[{\"@type\":\"WebPage\",\"@id\":\"https:\/\/festivalulsporturilor.ro\/editii\/product\/bandana-multifunctionala\/\",\"url\":\"https:\/\/festivalulsporturilor.ro\/editii\/product\/bandana-multifunctionala\/\",\"name\":\"Bandan\u0103 multifunc\u021bional\u0103 - Festivalul Sporturilor | Evenimente cu Impact\",\"isPartOf\":{\"@id\":\"https:\/\/festivalulsporturilor.ro\/editii\/#website\"},\"primaryImageOfPage\":{\"@id\":\"https:\/\/festivalulsporturilor.ro\/editii\/product\/bandana-multifunctionala\/#primaryimage\"},\"image\":{\"@id\":\"https:\/\/festivalulsporturilor.ro\/editii\/product\/bandana-multifunctionala\/#primaryimage\"},\"thumbnailUrl\":\"https:\/\/festivalulsporturilor.ro\/editii\/wp-content\/uploads\/2022\/04\/FESTIVAL_KIT_EXTRA_0005_bandana-multifunctionala.png\",\"datePublished\":\"2022-04-08T15:04:31+00:00\",\"dateModified\":\"2024-09-05T17:13:52+00:00\",\"breadcrumb\":{\"@id\":\"https:\/\/festivalulsporturilor.ro\/editii\/product\/bandana-multifunctionala\/#breadcrumb\"},\"inLanguage\":\"ro-RO\",\"potentialAction\":[{\"@type\":\"ReadAction\",\"target\":[\"https:\/\/festivalulsporturilor.ro\/editii\/product\/bandana-multifunctionala\/\"]}]},{\"@type\":\"ImageObject\",\"inLanguage\":\"ro-RO\",\"@id\":\"https:\/\/festivalulsporturilor.ro\/editii\/product\/bandana-multifunctionala\/#primaryimage\",\"url\":\"https:\/\/festivalulsporturilor.ro\/editii\/wp-content\/uploads\/2022\/04\/FESTIVAL_KIT_EXTRA_0005_bandana-multifunctionala.png\",\"contentUrl\":\"https:\/\/festivalulsporturilor.ro\/editii\/wp-content\/uploads\/2022\/04\/FESTIVAL_KIT_EXTRA_0005_bandana-multifunctionala.png\",\"width\":1000,\"height\":1000,\"caption\":\"bandana multifunctionala - festivalul sporturilor\"},{\"@type\":\"BreadcrumbList\",\"@id\":\"https:\/\/festivalulsporturilor.ro\/editii\/product\/bandana-multifunctionala\/#breadcrumb\",\"itemListElement\":[{\"@type\":\"ListItem\",\"position\":1,\"name\":\"Prima pagin\u0103\",\"item\":\"https:\/\/festivalulsporturilor.ro\/editii\/\"},{\"@type\":\"ListItem\",\"position\":2,\"name\":\"Produse\",\"item\":\"https:\/\/festivalulsporturilor.ro\/editii\/shop\/\"},{\"@type\":\"ListItem\",\"position\":3,\"name\":\"Bandan\u0103 multifunc\u021bional\u0103\"}]},{\"@type\":\"WebSite\",\"@id\":\"https:\/\/festivalulsporturilor.ro\/editii\/#website\",\"url\":\"https:\/\/festivalulsporturilor.ro\/editii\/\",\"name\":\"Festivalul Sporturilor | Evenimente cu Impact\",\"description\":\"Festivalul sporturilor | Alergare montana | Ciclism | Cros | Cursa cu obstacole | MTB\",\"potentialAction\":[{\"@type\":\"SearchAction\",\"target\":{\"@type\":\"EntryPoint\",\"urlTemplate\":\"https:\/\/festivalulsporturilor.ro\/editii\/?s={search_term_string}\"},\"query-input\":{\"@type\":\"PropertyValueSpecification\",\"valueRequired\":true,\"valueName\":\"search_term_string\"}}],\"inLanguage\":\"ro-RO\"}]}<\/script>\n<!-- \/ Yoast SEO plugin. -->","yoast_head_json":{"title":"Bandan\u0103 multifunc\u021bional\u0103 - Festivalul Sporturilor | Evenimente cu Impact","robots":{"index":"noindex","follow":"follow","max-snippet":"max-snippet:-1","max-image-preview":"max-image-preview:large","max-video-preview":"max-video-preview:-1"},"og_locale":"ro_RO","og_type":"article","og_title":"Bandan\u0103 multifunc\u021bional\u0103 - Festivalul Sporturilor | Evenimente cu Impact","og_description":"Ideal\u0103 ca accesoriu, \u00een activit\u0103\u0163i de sport, dar poate fi purtat\u0103 \u015fi \u00een timpul liber. Posibilitate de folosire \u00een mai multe moduri, ca e\u0219arf\u0103, bandan\u0103, cagul\u0103, [\u2026]","og_url":"https:\/\/festivalulsporturilor.ro\/editii\/product\/bandana-multifunctionala\/","og_site_name":"Festivalul Sporturilor | Evenimente cu Impact","article_modified_time":"2024-09-05T17:13:52+00:00","og_image":[{"width":1000,"height":1000,"url":"https:\/\/festivalulsporturilor.ro\/editii\/wp-content\/uploads\/2022\/04\/FESTIVAL_KIT_EXTRA_0005_bandana-multifunctionala.png","type":"image\/png"}],"twitter_card":"summary_large_image","schema":{"@context":"https:\/\/schema.org","@graph":[{"@type":"WebPage","@id":"https:\/\/festivalulsporturilor.ro\/editii\/product\/bandana-multifunctionala\/","url":"https:\/\/festivalulsporturilor.ro\/editii\/product\/bandana-multifunctionala\/","name":"Bandan\u0103 multifunc\u021bional\u0103 - Festivalul Sporturilor | Evenimente cu Impact","isPartOf":{"@id":"https:\/\/festivalulsporturilor.ro\/editii\/#website"},"primaryImageOfPage":{"@id":"https:\/\/festivalulsporturilor.ro\/editii\/product\/bandana-multifunctionala\/#primaryimage"},"image":{"@id":"https:\/\/festivalulsporturilor.ro\/editii\/product\/bandana-multifunctionala\/#primaryimage"},"thumbnailUrl":"https:\/\/festivalulsporturilor.ro\/editii\/wp-content\/uploads\/2022\/04\/FESTIVAL_KIT_EXTRA_0005_bandana-multifunctionala.png","datePublished":"2022-04-08T15:04:31+00:00","dateModified":"2024-09-05T17:13:52+00:00","breadcrumb":{"@id":"https:\/\/festivalulsporturilor.ro\/editii\/product\/bandana-multifunctionala\/#breadcrumb"},"inLanguage":"ro-RO","potentialAction":[{"@type":"ReadAction","target":["https:\/\/festivalulsporturilor.ro\/editii\/product\/bandana-multifunctionala\/"]}]},{"@type":"ImageObject","inLanguage":"ro-RO","@id":"https:\/\/festivalulsporturilor.ro\/editii\/product\/bandana-multifunctionala\/#primaryimage","url":"https:\/\/festivalulsporturilor.ro\/editii\/wp-content\/uploads\/2022\/04\/FESTIVAL_KIT_EXTRA_0005_bandana-multifunctionala.png","contentUrl":"https:\/\/festivalulsporturilor.ro\/editii\/wp-content\/uploads\/2022\/04\/FESTIVAL_KIT_EXTRA_0005_bandana-multifunctionala.png","width":1000,"height":1000,"caption":"bandana multifunctionala - festivalul sporturilor"},{"@type":"BreadcrumbList","@id":"https:\/\/festivalulsporturilor.ro\/editii\/product\/bandana-multifunctionala\/#breadcrumb","itemListElement":[{"@type":"ListItem","position":1,"name":"Prima pagin\u0103","item":"https:\/\/festivalulsporturilor.ro\/editii\/"},{"@type":"ListItem","position":2,"name":"Produse","item":"https:\/\/festivalulsporturilor.ro\/editii\/shop\/"},{"@type":"ListItem","position":3,"name":"Bandan\u0103 multifunc\u021bional\u0103"}]},{"@type":"WebSite","@id":"https:\/\/festivalulsporturilor.ro\/editii\/#website","url":"https:\/\/festivalulsporturilor.ro\/editii\/","name":"Festivalul Sporturilor | Evenimente cu Impact","description":"Festivalul sporturilor | Alergare montana | Ciclism | Cros | Cursa cu obstacole | MTB","potentialAction":[{"@type":"SearchAction","target":{"@type":"EntryPoint","urlTemplate":"https:\/\/festivalulsporturilor.ro\/editii\/?s={search_term_string}"},"query-input":{"@type":"PropertyValueSpecification","valueRequired":true,"valueName":"search_term_string"}}],"inLanguage":"ro-RO"}]}},"_links":{"self":[{"href":"https:\/\/festivalulsporturilor.ro\/editii\/wp-json\/wp\/v2\/product\/354","targetHints":{"allow":["GET"]}}],"collection":[{"href":"https:\/\/festivalulsporturilor.ro\/editii\/wp-json\/wp\/v2\/product"}],"about":[{"href":"https:\/\/festivalulsporturilor.ro\/editii\/wp-json\/wp\/v2\/types\/product"}],"wp:featuredmedia":[{"embeddable":true,"href":"https:\/\/festivalulsporturilor.ro\/editii\/wp-json\/wp\/v2\/media\/303"}],"wp:attachment":[{"href":"https:\/\/festivalulsporturilor.ro\/editii\/wp-json\/wp\/v2\/media?parent=354"}],"wp:term":[{"taxonomy":"product_cat","embeddable":true,"href":"https:\/\/festivalulsporturilor.ro\/editii\/wp-json\/wp\/v2\/product_cat?post=354"},{"taxonomy":"product_tag","embeddable":true,"href":"https:\/\/festivalulsporturilor.ro\/editii\/wp-json\/wp\/v2\/product_tag?post=354"}],"curies":[{"name":"wp","href":"https:\/\/api.w.org\/{rel}","templated":true}]}}